{"id":34812,"date":"2020-02-19T10:15:40","date_gmt":"2020-02-19T13:15:40","guid":{"rendered":"http:\/\/vagario.com.br\/?page_id=34812"},"modified":"2020-02-19T10:19:39","modified_gmt":"2020-02-19T13:19:39","slug":"termos-condicoes-de-uso","status":"publish","type":"page","link":"http:\/\/vagario.com.br\/index.php\/termos-condicoes-de-uso\/","title":{"rendered":"Termos &#038; Condi\u00e7\u00f5es de uso"},"content":{"rendered":"<p>Antes de iniciar a utiliza\u00e7\u00e3o dos servi\u00e7os disponibilizados pelo App Riovaga Rj), recomendamos a leitura atenta do presente documento.<\/p>\n<p>Ao utilizar os servi\u00e7os disponibilizados, voc\u00ea est\u00e1 concordando com as seguintes regras.<\/p>\n<p><strong>QUEM SOMOS<\/strong><\/p>\n<p>O App Riovaga Rj teve sua origem em um grupo no facebook .<\/p>\n<p>Nosso objetivo \u00e9 apresentar ao mercado de forma simples e organizada oportunidades de qualifica\u00e7\u00e3o profissional (Educa\u00e7\u00e3o), informa\u00e7\u00e3o sobre o mercado de trabalho e empregabilidade (oportunidades de trabalho).<\/p>\n<p>N\u00e3o comercializamos servi\u00e7o de divulga\u00e7\u00e3o de vagas (salvo aqueles contidos nos links fixos disponibilizados em nossa p\u00e1gina e nos banners). Os an\u00fancios das vagas s\u00e3o de autoria das pessoas (jur\u00eddicas e f\u00edsicas) que buscam profissionais para determinados trabalhos, cabendo ao Riovaga Rj t\u00e3o somente public\u00e1-las em seu App. A publica\u00e7\u00e3o \u00e9 feita sem custos para o anunciante das vagas.<\/p>\n<p>N\u00e3o realizamos cadastro e\/ou divulga\u00e7\u00e3o de curr\u00edculos, logo n\u00e3o comercializamos tais servi\u00e7os e n\u00e3o cobramos nada daqueles que acessam nosso App para consultar as vagas nele publicadas.<\/p>\n<p><strong>O QUE FAZEMOS<\/strong><\/p>\n<p>Disponibilizamos espa\u00e7o para a divulga\u00e7\u00e3o de oportunidade de trabalho na iniciativa privada.<\/p>\n<p>As empresas e pessoas que pretendem divulgar vagas acessam nosso App, fazem um cadastro pr\u00e9vio e preenchem um formul\u00e1rio a partir do qual as vagas ser\u00e3o automaticamente disponibilizadas no App.<\/p>\n<p>N\u00e3o h\u00e1 nenhuma participa\u00e7\u00e3o do Riovaga Rj quanto \u00e0 reda\u00e7\u00e3o das ofertas de trabalho, logo, a responsabilidade pelas mesmas, o recebimento dos curr\u00edculos e a sele\u00e7\u00e3o dos candidatos \u00e9 feita, exclusivamente, por seus respectivos anunciantes.<\/p>\n<p>Assim, \u00e9 importante que o usu\u00e1rio do sistema fique atento ao correto uso das ferramentas disponibilizadas pelo App.<\/p>\n<p>Cabe ao anunciante da vaga cuidar para que as informa\u00e7\u00f5es que divulga sejam corretamente prestadas quando do preenchimento do formul\u00e1rio disponibilizado pelo App e, ao candidato, certificar-se da idoneidade do anunciante, do correto envio de seus dados pessoais, curr\u00edculo, enfim, das informa\u00e7\u00f5es que pretende fazer chegar ao anunciante da vaga.<\/p>\n<p>Em raz\u00e3o da experi\u00eancia do Riovaga Rj no mercado de recrutamento e sele\u00e7\u00e3o, cumpre alertar que as empresas que pretendem contratar qualquer tipo de profissional, via de regra, n\u00e3o cobram nada dos candidatos para que os mesmos fa\u00e7am parte do seu banco de curr\u00edculos, participem dos seus processos de sele\u00e7\u00e3o ou passem a fazer parte do seu quadro de funcion\u00e1rios ou colaboradores. Logo, ofertas de trabalho que imp\u00f5e ao candidato o pagamento de qualquer valor, devem ser vistas com cuidado por parte do candidato.<\/p>\n<p>Tendo em vista a sistem\u00e1tica adotada pelo Riovaga Rj para o recebimento das vagas de trabalho disponibilizadas pelos empregadores anunciantes, fica expressamente consignado que n\u00e3o h\u00e1 qualquer possibilidade de o Riovaga Rj confirmar a veracidade das vagas ou a idoneidade dos anunciantes que se utilizam do App. A empresa assume, entretanto, o compromisso de excluir as vagas que observar serem falsas, inid\u00f4neas ou que divulguem atividades il\u00edcitas, sempre que as identificar ou, ainda, for notificada a respeito.<\/p>\n<p><strong>REGRAS APLIC\u00c1VEIS AOS USU\u00c1RIOS \u00c0 PROCURA DE VAGAS<\/strong><\/p>\n<p>A responsabilidade do Riovaga Rj com rela\u00e7\u00e3o ao conte\u00fado das ofertas de trabalho se limita a disponibilizar em seu App (publicar) os textos que recebeu (na \u00edntegra, sem nenhuma interfer\u00eancia, corre\u00e7\u00e3o ou filtro) para que possam ser visualizados pelos usu\u00e1rios do App.<\/p>\n<p>Informamos que os conte\u00fados das vagas publicadas como j\u00e1 informamos s\u00e3o de INTEIRA RESPONSABILIDADE dos contratantes\/anunciantes, n\u00f3s n\u00e3o entramos em contato com nenhuma empresa para verificar a veracidade das informa\u00e7\u00f5es fornecidas, cabendo ao candidato interessado na vaga contatar e certificar-se de todas as informa\u00e7\u00f5es, procedimentos de candidatura, veracidade da vaga e demais d\u00favidas.<\/p>\n<p>Assim, \u00e9 importante consignar expressamente que ao responder a uma oferta de vaga publicada no App, o usu\u00e1rio estar\u00e1 se comunicando diretamente com o anunciante, fornecendo ao anunciante da vaga suas informa\u00e7\u00f5es pessoais, curr\u00edculo, etc. O Riovaga Rj n\u00e3o recebe essas informa\u00e7\u00f5es, seja de forma direta (por meio do App) ou indireta (por meio dos seus anunciantes), logo, n\u00e3o cabe \u00e0 empresa responsabilidade sobre o uso de tais informa\u00e7\u00f5es, mas sim ao anunciante.<\/p>\n<p>O Riovaga Rj n\u00e3o recebe e n\u00e3o cadastra curr\u00edculos.<\/p>\n<p>O Riovaga Rj n\u00e3o cobra pelo acesso dos candidatos \u00e0s vagas anunciadas no App.<\/p>\n<p><strong>REGRAS APLIC\u00c1VEIS AOS USU\u00c1RIOS ANUNCIANTES DE VAGAS<\/strong><\/p>\n<p><strong>Anunciante<\/strong><\/p>\n<p>As informa\u00e7\u00f5es anunciadas no App, s\u00e3o de inteira responsabilidade de cada anunciante, o App Riovaga Rj se isenta de qualquer problema que possa ocorrer no futuro. N\u00e3o divulgue vagas falsas ou do tipo \u201cTrabalhe em casa\u201d (como digitador, envelopamento de cartas, mala direta e outras similares), sistemas de pir\u00e2mides, correntes e afins, os mesmos ser\u00e3o exclu\u00eddos do nosso App e o anunciante ser\u00e1 responsabilizado por todos os atos aqui cometidos.<\/p>\n<p>Divulguem apenas vagas para as cidades do Rio de Janeiro, vagas anunciadas para outras regi\u00f5es ser\u00e3o exclu\u00eddas do nosso sistema.<\/p>\n<p>O an\u00fancio de vagas no App Riovaga Rj \u00e9 feito de forma gratuita e o conte\u00fado anunciado \u00e9 de exclusiva responsabilidade do anunciante.<\/p>\n<p><strong>AN\u00c1LISE DE VAGAS<\/strong><\/p>\n<p>O App Riovaga Rj n\u00e3o tem v\u00ednculos e nenhuma rela\u00e7\u00e3o com nenhum anunciante\/empresa e n\u00e3o ir\u00e1 interferir nas contrata\u00e7\u00f5es e acordos realizados entre a empresa e o candidato e nos ISENTAMOS de qualquer Responsabilidade por desacordos, informa\u00e7\u00f5es desencontradas, mal interpretadas, danos e transtornos e quaisquer eventuais problemas, devendo ser resolvido entre as partes. Entretanto o Riovaga Rj assume o compromisso de EXCLUIR qualquer vaga falsa ou que esteja propondo algum tipo de atividade il\u00edcita quando estas forem identificadas por n\u00f3s ou assim que recebermos alguma notifica\u00e7\u00e3o. Os contratantes\/anunciantes que j\u00e1 tenham preenchido suas vagas ou n\u00e3o estejam mais com vagas dispon\u00edveis e algum colaborador enviou ao App sem saber, o mesmo poder\u00e1 solicitar a retirada da vaga que em at\u00e9 72 horas atenderemos a solicita\u00e7\u00e3o.<\/p>\n<p><strong>OS AN\u00daNCIOS<\/strong><\/p>\n<p>Os an\u00fancios Tal como outros webApps, coletamos e utilizamos informa\u00e7\u00e3o contida nos an\u00fancios. A informa\u00e7\u00e3o contida nos an\u00fancios, inclui o seu endere\u00e7o IP (Internet Protocol), o seu ISP (Internet Service Provider, como o Sapo, Clix, ou outro), o browser que utilizou ao visitar o nosso webApp (como o Internet Explorer ou o Firefox), o tempo da sua visita e que p\u00e1ginas visitou dentro do nosso webApp.<br \/>\nCookie DoubleClick Dart O Google, como fornecedor de terceiros, utiliza cookies para exibir an\u00fancios no nosso webApp;<br \/>\nCom o cookie DART, o Google pode exibir an\u00fancios com base nas visitas que o leitor fez a outros webApps na Internet;<br \/>\nOs utilizadores podem desativar o cookie DART visitando a Pol\u00edtica de privacidade da rede de conte\u00fado e dos an\u00fancios do Google.<br \/>\nOs Cookies e Web Beacons Utilizamos cookies para armazenar informa\u00e7\u00e3o, tais como as suas prefer\u00eancias pessoas quando visita o nosso webApp. Isto poder\u00e1 incluir um simples popup, ou uma liga\u00e7\u00e3o em v\u00e1rios servi\u00e7os que providenciamos, tais como f\u00f3runs.<br \/>\nEm adi\u00e7\u00e3o tamb\u00e9m utilizamos publicidade de terceiros no nosso webApp para suportar os custos de manuten\u00e7\u00e3o. Alguns destes publicit\u00e1rios, poder\u00e3o utilizar tecnologias como os cookies e\/ou web beacons quando publicitam no nosso webApp, o que far\u00e1 com que esses publicit\u00e1rios (como o Google atrav\u00e9s do Google AdSense) tamb\u00e9m recebam a sua informa\u00e7\u00e3o pessoal, como o endere\u00e7o IP, o seu ISP, o seu browser, etc. Esta fun\u00e7\u00e3o \u00e9 geralmente utilizada para geotargeting (mostrar publicidade de Lisboa apenas aos leitores oriundos de Lisboa por ex.) ou apresentar publicidade direcionada a um tipo de utilizador (como mostrar publicidade de restaurante a um utilizador que visita Apps de culin\u00e1ria regularmente, por ex.).<br \/>\nVoc\u00ea det\u00e9m o poder de desligar os seus cookies, nas op\u00e7\u00f5es do seu browser, ou efetuando altera\u00e7\u00f5es nas ferramentas de programas Anti-Virus, como o Norton Internet Security. No entanto, isso poder\u00e1 alterar a forma como interage com o nosso webApp, ou outros webApps. Isso poder\u00e1 afetar ou n\u00e3o permitir que fa\u00e7a logins em programas, Apps ou f\u00f3runs da nossa e de outras redes.<br \/>\nLiga\u00e7\u00f5es a Apps de terceiros Riovaga Rj possui liga\u00e7\u00f5es para outros Apps, os quais, a nosso ver, podem conter informa\u00e7\u00f5es \/ ferramentas \u00fateis para os nossos visitantes. A nossa pol\u00edtica de privacidade n\u00e3o \u00e9 aplicada a Apps de terceiros, pelo que, caso viApp outro App a partir do nosso dever\u00e1 ler a pol\u00edtica de privacidade do mesmo.<br \/>\nN\u00e3o nos responsabilizamos pela pol\u00edtica de privacidade ou conte\u00fado presente nesses mesmos Apps.<\/p>\n","protected":false},"excerpt":{"rendered":"<p>Antes de iniciar a utiliza\u00e7\u00e3o dos servi\u00e7os disponibilizados pelo App Riovaga Rj), recomendamos a leitura atenta do presente documento. Ao<\/p>\n","protected":false},"author":1,"featured_media":0,"parent":0,"menu_order":0,"comment_status":"closed","ping_status":"closed","template":"","meta":{"_exactmetrics_skip_tracking":false,"_exactmetrics_sitenote_active":false,"_exactmetrics_sitenote_note":"","_exactmetrics_sitenote_category":0,"footnotes":""},"class_list":["post-34812","page","type-page","status-publish","hentry"],"yoast_head":"<!-- This site is optimized with the Yoast SEO plugin v24.4 - https:\/\/yoast.com\/wordpress\/plugins\/seo\/ -->\n<title>Termos &amp; Condi\u00e7\u00f5es de uso - Vagario<\/title>\n<meta name=\"robots\" content=\"index, follow, max-snippet:-1, max-image-preview:large, max-video-preview:-1\" \/>\n<link rel=\"canonical\" href=\"http:\/\/vagario.com.br\/index.php\/termos-condicoes-de-uso\/\" \/>\n<meta property=\"og:locale\" content=\"pt_BR\" \/>\n<meta property=\"og:type\" content=\"article\" \/>\n<meta property=\"og:title\" content=\"Termos &amp; Condi\u00e7\u00f5es de uso - Vagario\" \/>\n<meta property=\"og:description\" content=\"Antes de iniciar a utiliza\u00e7\u00e3o dos servi\u00e7os disponibilizados pelo App Riovaga Rj), recomendamos a leitura atenta do presente documento. Ao\" \/>\n<meta property=\"og:url\" content=\"http:\/\/vagario.com.br\/index.php\/termos-condicoes-de-uso\/\" \/>\n<meta property=\"og:site_name\" content=\"Vagario\" \/>\n<meta property=\"article:modified_time\" content=\"2020-02-19T13:19:39+00:00\" \/>\n<meta name=\"twitter:card\" content=\"summary_large_image\" \/>\n<meta name=\"twitter:label1\" content=\"Est. tempo de leitura\" \/>\n\t<meta name=\"twitter:data1\" content=\"7 minutos\" \/>\n<script type=\"application\/ld+json\" class=\"yoast-schema-graph\">{\"@context\":\"https:\/\/schema.org\",\"@graph\":[{\"@type\":\"WebPage\",\"@id\":\"http:\/\/vagario.com.br\/index.php\/termos-condicoes-de-uso\/\",\"url\":\"http:\/\/vagario.com.br\/index.php\/termos-condicoes-de-uso\/\",\"name\":\"Termos & Condi\u00e7\u00f5es de uso - Vagario\",\"isPartOf\":{\"@id\":\"http:\/\/vagario.com.br\/#website\"},\"datePublished\":\"2020-02-19T13:15:40+00:00\",\"dateModified\":\"2020-02-19T13:19:39+00:00\",\"breadcrumb\":{\"@id\":\"http:\/\/vagario.com.br\/index.php\/termos-condicoes-de-uso\/#breadcrumb\"},\"inLanguage\":\"pt-BR\",\"potentialAction\":[{\"@type\":\"ReadAction\",\"target\":[\"http:\/\/vagario.com.br\/index.php\/termos-condicoes-de-uso\/\"]}]},{\"@type\":\"BreadcrumbList\",\"@id\":\"http:\/\/vagario.com.br\/index.php\/termos-condicoes-de-uso\/#breadcrumb\",\"itemListElement\":[{\"@type\":\"ListItem\",\"position\":1,\"name\":\"In\u00edcio\",\"item\":\"http:\/\/vagario.com.br\/\"},{\"@type\":\"ListItem\",\"position\":2,\"name\":\"Termos &#038; Condi\u00e7\u00f5es de uso\"}]},{\"@type\":\"WebSite\",\"@id\":\"http:\/\/vagario.com.br\/#website\",\"url\":\"http:\/\/vagario.com.br\/\",\"name\":\"Vagario\",\"description\":\"Seu Melhor site de Empregos e Vagas\",\"publisher\":{\"@id\":\"http:\/\/vagario.com.br\/#\/schema\/person\/54813f918e46846eb68de55fc26439d6\"},\"potentialAction\":[{\"@type\":\"SearchAction\",\"target\":{\"@type\":\"EntryPoint\",\"urlTemplate\":\"http:\/\/vagario.com.br\/?s={search_term_string}\"},\"query-input\":{\"@type\":\"PropertyValueSpecification\",\"valueRequired\":true,\"valueName\":\"search_term_string\"}}],\"inLanguage\":\"pt-BR\"},{\"@type\":[\"Person\",\"Organization\"],\"@id\":\"http:\/\/vagario.com.br\/#\/schema\/person\/54813f918e46846eb68de55fc26439d6\",\"name\":\"vagario\",\"image\":{\"@type\":\"ImageObject\",\"inLanguage\":\"pt-BR\",\"@id\":\"http:\/\/vagario.com.br\/#\/schema\/person\/image\/\",\"url\":\"https:\/\/secure.gravatar.com\/avatar\/83c677ba6122e98ab37e1afa2508ddf0de0cec8e3065582b3e503ef328b5b67a?s=96&d=mm&r=g\",\"contentUrl\":\"https:\/\/secure.gravatar.com\/avatar\/83c677ba6122e98ab37e1afa2508ddf0de0cec8e3065582b3e503ef328b5b67a?s=96&d=mm&r=g\",\"caption\":\"vagario\"},\"logo\":{\"@id\":\"http:\/\/vagario.com.br\/#\/schema\/person\/image\/\"}}]}<\/script>\n<!-- \/ Yoast SEO plugin. -->","yoast_head_json":{"title":"Termos & Condi\u00e7\u00f5es de uso - Vagario","robots":{"index":"index","follow":"follow","max-snippet":"max-snippet:-1","max-image-preview":"max-image-preview:large","max-video-preview":"max-video-preview:-1"},"canonical":"http:\/\/vagario.com.br\/index.php\/termos-condicoes-de-uso\/","og_locale":"pt_BR","og_type":"article","og_title":"Termos & Condi\u00e7\u00f5es de uso - Vagario","og_description":"Antes de iniciar a utiliza\u00e7\u00e3o dos servi\u00e7os disponibilizados pelo App Riovaga Rj), recomendamos a leitura atenta do presente documento. Ao","og_url":"http:\/\/vagario.com.br\/index.php\/termos-condicoes-de-uso\/","og_site_name":"Vagario","article_modified_time":"2020-02-19T13:19:39+00:00","twitter_card":"summary_large_image","twitter_misc":{"Est. tempo de leitura":"7 minutos"},"schema":{"@context":"https:\/\/schema.org","@graph":[{"@type":"WebPage","@id":"http:\/\/vagario.com.br\/index.php\/termos-condicoes-de-uso\/","url":"http:\/\/vagario.com.br\/index.php\/termos-condicoes-de-uso\/","name":"Termos & Condi\u00e7\u00f5es de uso - Vagario","isPartOf":{"@id":"http:\/\/vagario.com.br\/#website"},"datePublished":"2020-02-19T13:15:40+00:00","dateModified":"2020-02-19T13:19:39+00:00","breadcrumb":{"@id":"http:\/\/vagario.com.br\/index.php\/termos-condicoes-de-uso\/#breadcrumb"},"inLanguage":"pt-BR","potentialAction":[{"@type":"ReadAction","target":["http:\/\/vagario.com.br\/index.php\/termos-condicoes-de-uso\/"]}]},{"@type":"BreadcrumbList","@id":"http:\/\/vagario.com.br\/index.php\/termos-condicoes-de-uso\/#breadcrumb","itemListElement":[{"@type":"ListItem","position":1,"name":"In\u00edcio","item":"http:\/\/vagario.com.br\/"},{"@type":"ListItem","position":2,"name":"Termos &#038; Condi\u00e7\u00f5es de uso"}]},{"@type":"WebSite","@id":"http:\/\/vagario.com.br\/#website","url":"http:\/\/vagario.com.br\/","name":"Vagario","description":"Seu Melhor site de Empregos e Vagas","publisher":{"@id":"http:\/\/vagario.com.br\/#\/schema\/person\/54813f918e46846eb68de55fc26439d6"},"potentialAction":[{"@type":"SearchAction","target":{"@type":"EntryPoint","urlTemplate":"http:\/\/vagario.com.br\/?s={search_term_string}"},"query-input":{"@type":"PropertyValueSpecification","valueRequired":true,"valueName":"search_term_string"}}],"inLanguage":"pt-BR"},{"@type":["Person","Organization"],"@id":"http:\/\/vagario.com.br\/#\/schema\/person\/54813f918e46846eb68de55fc26439d6","name":"vagario","image":{"@type":"ImageObject","inLanguage":"pt-BR","@id":"http:\/\/vagario.com.br\/#\/schema\/person\/image\/","url":"https:\/\/secure.gravatar.com\/avatar\/83c677ba6122e98ab37e1afa2508ddf0de0cec8e3065582b3e503ef328b5b67a?s=96&d=mm&r=g","contentUrl":"https:\/\/secure.gravatar.com\/avatar\/83c677ba6122e98ab37e1afa2508ddf0de0cec8e3065582b3e503ef328b5b67a?s=96&d=mm&r=g","caption":"vagario"},"logo":{"@id":"http:\/\/vagario.com.br\/#\/schema\/person\/image\/"}}]}},"_links":{"self":[{"href":"http:\/\/vagario.com.br\/index.php\/wp-json\/wp\/v2\/pages\/34812","targetHints":{"allow":["GET"]}}],"collection":[{"href":"http:\/\/vagario.com.br\/index.php\/wp-json\/wp\/v2\/pages"}],"about":[{"href":"http:\/\/vagario.com.br\/index.php\/wp-json\/wp\/v2\/types\/page"}],"author":[{"embeddable":true,"href":"http:\/\/vagario.com.br\/index.php\/wp-json\/wp\/v2\/users\/1"}],"replies":[{"embeddable":true,"href":"http:\/\/vagario.com.br\/index.php\/wp-json\/wp\/v2\/comments?post=34812"}],"version-history":[{"count":2,"href":"http:\/\/vagario.com.br\/index.php\/wp-json\/wp\/v2\/pages\/34812\/revisions"}],"predecessor-version":[{"id":34815,"href":"http:\/\/vagario.com.br\/index.php\/wp-json\/wp\/v2\/pages\/34812\/revisions\/34815"}],"wp:attachment":[{"href":"http:\/\/vagario.com.br\/index.php\/wp-json\/wp\/v2\/media?parent=34812"}],"curies":[{"name":"wp","href":"https:\/\/api.w.org\/{rel}","templated":true}]}}