{"id":112086,"date":"2020-07-22T08:56:59","date_gmt":"2020-07-22T11:56:59","guid":{"rendered":"http:\/\/vagario.com.br\/?page_id=112086"},"modified":"2022-02-16T08:49:48","modified_gmt":"2022-02-16T11:49:48","slug":"grupo-de-empregos-no-whatsapp","status":"publish","type":"page","link":"http:\/\/vagario.com.br\/index.php\/grupo-de-empregos-no-whatsapp\/","title":{"rendered":"Grupo de empregos no WhatsApp"},"content":{"rendered":"<p><strong>Abaixo segue o link dos nossos grupos de emprego no Whatsapp<\/strong><\/p>\n<p>As vagas nos grupos s\u00e3o publicadas de Segunda \u00e0 sexta das 08:00hs \u00e0s 18:00hs, fins de semana n\u00e3o ser\u00e3o publicada nenhuma vaga de emprego.<\/p>\n<p>Por favor respeite os integrantes dos grupos e evitem serem removidos.<\/p>\n<p>Para acessar os grupos clique no link abaixo, referente a cada grupo:<\/p>\n<p>Grupo 1-<\/p>\n<p><a href=\"https:\/\/chat.whatsapp.com\/CxGDZCMD6n89TQBqqUUmjs\">Clique aqui<\/a><\/p>\n<p>Grupo 2-<\/p>\n<p><a href=\"https:\/\/chat.whatsapp.com\/DIGl7AslClT2m5hbYVcG0U\">Clique aqui<\/a><\/p>\n<p>Grupo 3-<\/p>\n<p><a href=\"https:\/\/chat.whatsapp.com\/JbggnANDB3e3hoURG42CHI\">Clique aqui<\/a><\/p>\n<p>Grupo 4-<\/p>\n<p><a href=\"https:\/\/chat.whatsapp.com\/JFIScdtX9VcB6berVXyVKO\">Clique aqui<\/a><\/p>\n<p>Grupo 5-<\/p>\n<p><a href=\"https:\/\/chat.whatsapp.com\/HLIUV5fQI9T0C3vUwuVk2o\">Clique aqui<\/a><\/p>\n<p>Grupo 6-<\/p>\n<p><a href=\"https:\/\/chat.whatsapp.com\/Kphl1eZsAS85VhAJrI01YI\">Clique aqui<\/a><\/p>\n<p>Grupo 7-<\/p>\n<p><a href=\"https:\/\/chat.whatsapp.com\/Dk8vDICUnvnD0tXRPRDaPV\">Clique aqui<\/a><\/p>\n<p>Grupo 8-<\/p>\n<p><a href=\"https:\/\/chat.whatsapp.com\/GOPMvKKoo2uAmgiO0hFZb0\">Clique aqui<\/a><\/p>\n<p>Grupo 9<\/p>\n<p><a href=\"https:\/\/chat.whatsapp.com\/Jv0ShVaB89Q5UzKT5pIFet\">Clique aqui<\/a><\/p>\n","protected":false},"excerpt":{"rendered":"<p>Abaixo segue o link dos nossos grupos de emprego no Whatsapp As vagas nos grupos s\u00e3o publicadas de Segunda \u00e0<\/p>\n","protected":false},"author":1,"featured_media":0,"parent":0,"menu_order":0,"comment_status":"closed","ping_status":"closed","template":"","meta":{"_exactmetrics_skip_tracking":false,"_exactmetrics_sitenote_active":false,"_exactmetrics_sitenote_note":"","_exactmetrics_sitenote_category":0,"footnotes":""},"class_list":["post-112086","page","type-page","status-publish","hentry"],"yoast_head":"<!-- This site is optimized with the Yoast SEO plugin v24.4 - https:\/\/yoast.com\/wordpress\/plugins\/seo\/ -->\n<title>Grupo de empregos no WhatsApp - Vagario<\/title>\n<meta name=\"robots\" content=\"index, follow, max-snippet:-1, max-image-preview:large, max-video-preview:-1\" \/>\n<link rel=\"canonical\" href=\"https:\/\/vagario.com.br\/index.php\/grupo-de-empregos-no-whatsapp\/\" \/>\n<meta property=\"og:locale\" content=\"pt_BR\" \/>\n<meta property=\"og:type\" content=\"article\" \/>\n<meta property=\"og:title\" content=\"Grupo de empregos no WhatsApp - Vagario\" \/>\n<meta property=\"og:description\" content=\"Abaixo segue o link dos nossos grupos de emprego no Whatsapp As vagas nos grupos s\u00e3o publicadas de Segunda \u00e0\" \/>\n<meta property=\"og:url\" content=\"https:\/\/vagario.com.br\/index.php\/grupo-de-empregos-no-whatsapp\/\" \/>\n<meta property=\"og:site_name\" content=\"Vagario\" \/>\n<meta property=\"article:modified_time\" content=\"2022-02-16T11:49:48+00:00\" \/>\n<meta name=\"twitter:card\" content=\"summary_large_image\" \/>\n<meta name=\"twitter:label1\" content=\"Est. tempo de leitura\" \/>\n\t<meta name=\"twitter:data1\" content=\"1 minuto\" \/>\n<script type=\"application\/ld+json\" class=\"yoast-schema-graph\">{\"@context\":\"https:\/\/schema.org\",\"@graph\":[{\"@type\":\"WebPage\",\"@id\":\"https:\/\/vagario.com.br\/index.php\/grupo-de-empregos-no-whatsapp\/\",\"url\":\"https:\/\/vagario.com.br\/index.php\/grupo-de-empregos-no-whatsapp\/\",\"name\":\"Grupo de empregos no WhatsApp - Vagario\",\"isPartOf\":{\"@id\":\"https:\/\/vagario.com.br\/#website\"},\"datePublished\":\"2020-07-22T11:56:59+00:00\",\"dateModified\":\"2022-02-16T11:49:48+00:00\",\"breadcrumb\":{\"@id\":\"https:\/\/vagario.com.br\/index.php\/grupo-de-empregos-no-whatsapp\/#breadcrumb\"},\"inLanguage\":\"pt-BR\",\"potentialAction\":[{\"@type\":\"ReadAction\",\"target\":[\"https:\/\/vagario.com.br\/index.php\/grupo-de-empregos-no-whatsapp\/\"]}]},{\"@type\":\"BreadcrumbList\",\"@id\":\"https:\/\/vagario.com.br\/index.php\/grupo-de-empregos-no-whatsapp\/#breadcrumb\",\"itemListElement\":[{\"@type\":\"ListItem\",\"position\":1,\"name\":\"In\u00edcio\",\"item\":\"https:\/\/vagario.com.br\/\"},{\"@type\":\"ListItem\",\"position\":2,\"name\":\"Grupo de empregos no WhatsApp\"}]},{\"@type\":\"WebSite\",\"@id\":\"https:\/\/vagario.com.br\/#website\",\"url\":\"https:\/\/vagario.com.br\/\",\"name\":\"Vagario\",\"description\":\"Seu Melhor site de Empregos e Vagas\",\"publisher\":{\"@id\":\"https:\/\/vagario.com.br\/#\/schema\/person\/54813f918e46846eb68de55fc26439d6\"},\"potentialAction\":[{\"@type\":\"SearchAction\",\"target\":{\"@type\":\"EntryPoint\",\"urlTemplate\":\"https:\/\/vagario.com.br\/?s={search_term_string}\"},\"query-input\":{\"@type\":\"PropertyValueSpecification\",\"valueRequired\":true,\"valueName\":\"search_term_string\"}}],\"inLanguage\":\"pt-BR\"},{\"@type\":[\"Person\",\"Organization\"],\"@id\":\"https:\/\/vagario.com.br\/#\/schema\/person\/54813f918e46846eb68de55fc26439d6\",\"name\":\"vagario\",\"image\":{\"@type\":\"ImageObject\",\"inLanguage\":\"pt-BR\",\"@id\":\"https:\/\/vagario.com.br\/#\/schema\/person\/image\/\",\"url\":\"https:\/\/secure.gravatar.com\/avatar\/83c677ba6122e98ab37e1afa2508ddf0de0cec8e3065582b3e503ef328b5b67a?s=96&d=mm&r=g\",\"contentUrl\":\"https:\/\/secure.gravatar.com\/avatar\/83c677ba6122e98ab37e1afa2508ddf0de0cec8e3065582b3e503ef328b5b67a?s=96&d=mm&r=g\",\"caption\":\"vagario\"},\"logo\":{\"@id\":\"https:\/\/vagario.com.br\/#\/schema\/person\/image\/\"}}]}<\/script>\n<!-- \/ Yoast SEO plugin. -->","yoast_head_json":{"title":"Grupo de empregos no WhatsApp - Vagario","robots":{"index":"index","follow":"follow","max-snippet":"max-snippet:-1","max-image-preview":"max-image-preview:large","max-video-preview":"max-video-preview:-1"},"canonical":"https:\/\/vagario.com.br\/index.php\/grupo-de-empregos-no-whatsapp\/","og_locale":"pt_BR","og_type":"article","og_title":"Grupo de empregos no WhatsApp - Vagario","og_description":"Abaixo segue o link dos nossos grupos de emprego no Whatsapp As vagas nos grupos s\u00e3o publicadas de Segunda \u00e0","og_url":"https:\/\/vagario.com.br\/index.php\/grupo-de-empregos-no-whatsapp\/","og_site_name":"Vagario","article_modified_time":"2022-02-16T11:49:48+00:00","twitter_card":"summary_large_image","twitter_misc":{"Est. tempo de leitura":"1 minuto"},"schema":{"@context":"https:\/\/schema.org","@graph":[{"@type":"WebPage","@id":"https:\/\/vagario.com.br\/index.php\/grupo-de-empregos-no-whatsapp\/","url":"https:\/\/vagario.com.br\/index.php\/grupo-de-empregos-no-whatsapp\/","name":"Grupo de empregos no WhatsApp - Vagario","isPartOf":{"@id":"https:\/\/vagario.com.br\/#website"},"datePublished":"2020-07-22T11:56:59+00:00","dateModified":"2022-02-16T11:49:48+00:00","breadcrumb":{"@id":"https:\/\/vagario.com.br\/index.php\/grupo-de-empregos-no-whatsapp\/#breadcrumb"},"inLanguage":"pt-BR","potentialAction":[{"@type":"ReadAction","target":["https:\/\/vagario.com.br\/index.php\/grupo-de-empregos-no-whatsapp\/"]}]},{"@type":"BreadcrumbList","@id":"https:\/\/vagario.com.br\/index.php\/grupo-de-empregos-no-whatsapp\/#breadcrumb","itemListElement":[{"@type":"ListItem","position":1,"name":"In\u00edcio","item":"https:\/\/vagario.com.br\/"},{"@type":"ListItem","position":2,"name":"Grupo de empregos no WhatsApp"}]},{"@type":"WebSite","@id":"https:\/\/vagario.com.br\/#website","url":"https:\/\/vagario.com.br\/","name":"Vagario","description":"Seu Melhor site de Empregos e Vagas","publisher":{"@id":"https:\/\/vagario.com.br\/#\/schema\/person\/54813f918e46846eb68de55fc26439d6"},"potentialAction":[{"@type":"SearchAction","target":{"@type":"EntryPoint","urlTemplate":"https:\/\/vagario.com.br\/?s={search_term_string}"},"query-input":{"@type":"PropertyValueSpecification","valueRequired":true,"valueName":"search_term_string"}}],"inLanguage":"pt-BR"},{"@type":["Person","Organization"],"@id":"https:\/\/vagario.com.br\/#\/schema\/person\/54813f918e46846eb68de55fc26439d6","name":"vagario","image":{"@type":"ImageObject","inLanguage":"pt-BR","@id":"https:\/\/vagario.com.br\/#\/schema\/person\/image\/","url":"https:\/\/secure.gravatar.com\/avatar\/83c677ba6122e98ab37e1afa2508ddf0de0cec8e3065582b3e503ef328b5b67a?s=96&d=mm&r=g","contentUrl":"https:\/\/secure.gravatar.com\/avatar\/83c677ba6122e98ab37e1afa2508ddf0de0cec8e3065582b3e503ef328b5b67a?s=96&d=mm&r=g","caption":"vagario"},"logo":{"@id":"https:\/\/vagario.com.br\/#\/schema\/person\/image\/"}}]}},"_links":{"self":[{"href":"http:\/\/vagario.com.br\/index.php\/wp-json\/wp\/v2\/pages\/112086","targetHints":{"allow":["GET"]}}],"collection":[{"href":"http:\/\/vagario.com.br\/index.php\/wp-json\/wp\/v2\/pages"}],"about":[{"href":"http:\/\/vagario.com.br\/index.php\/wp-json\/wp\/v2\/types\/page"}],"author":[{"embeddable":true,"href":"http:\/\/vagario.com.br\/index.php\/wp-json\/wp\/v2\/users\/1"}],"replies":[{"embeddable":true,"href":"http:\/\/vagario.com.br\/index.php\/wp-json\/wp\/v2\/comments?post=112086"}],"version-history":[{"count":6,"href":"http:\/\/vagario.com.br\/index.php\/wp-json\/wp\/v2\/pages\/112086\/revisions"}],"predecessor-version":[{"id":120941,"href":"http:\/\/vagario.com.br\/index.php\/wp-json\/wp\/v2\/pages\/112086\/revisions\/120941"}],"wp:attachment":[{"href":"http:\/\/vagario.com.br\/index.php\/wp-json\/wp\/v2\/media?parent=112086"}],"curies":[{"name":"wp","href":"https:\/\/api.w.org\/{rel}","templated":true}]}}